{"id":647,"date":"2021-01-19T13:25:11","date_gmt":"2021-01-19T13:25:11","guid":{"rendered":"https:\/\/tothannamariarita.com\/?page_id=647"},"modified":"2021-01-24T14:57:35","modified_gmt":"2021-01-24T14:57:35","slug":"terek-halozata-installacio","status":"publish","type":"page","link":"https:\/\/tothannamariarita.com\/en\/terek-halozata-installacio\/","title":{"rendered":"Network of Spaces installation"},"content":{"rendered":"<p>[et_pb_section fb_built=&#8221;1&#8243; _builder_version=&#8221;4.7.7&#8243; _module_preset=&#8221;default&#8221; custom_padding=&#8221;31px|||||&#8221;][et_pb_row _builder_version=&#8221;4.7.7&#8243; _module_preset=&#8221;default&#8221;][et_pb_column type=&#8221;4_4&#8243; _builder_version=&#8221;4.7.7&#8243; _module_preset=&#8221;default&#8221;][et_pb_button button_text=&#8221;Vissza&#8221; _builder_version=&#8221;4.7.7&#8243; _module_preset=&#8221;default&#8221; custom_button=&#8221;on&#8221; button_text_size=&#8221;22px&#8221; button_text_color=&#8221;#000000&#8243; button_bg_color=&#8221;#ffffff&#8221; button_border_width=&#8221;1px&#8221; button_border_color=&#8221;#000000&#8243; button_border_radius=&#8221;50px&#8221; button_letter_spacing=&#8221;0px&#8221; button_font=&#8221;Abhaya Libre||||||||&#8221; button_icon=&#8221;%%2%%&#8221; custom_margin=&#8221;||14px|||&#8221; custom_padding=&#8221;7px||3px|||&#8221; hover_enabled=&#8221;0&#8243; button_font_tablet=&#8221;&#8221; button_font_phone=&#8221;&#8221; button_font_last_edited=&#8221;on|desktop&#8221; button_url=&#8221;https:\/\/tothannamariarita.com\/installaciok\/&#8221; sticky_enabled=&#8221;0&#8243;][\/et_pb_button][et_pb_text _builder_version=&#8221;4.7.7&#8243; _module_preset=&#8221;default&#8221; inline_fonts=&#8221;Abhaya Libre&#8221;]<\/p>\n<p style=\"text-align: center;\"><span style=\"font-family: 'Abhaya Libre'; font-weight: normal; font-size: xx-large;\">Terek h\u00e1l\u00f3zata install\u00e1ci\u00f3<\/span><\/p>\n<p style=\"text-align: center;\">Eleven \u0150sz Fesztiv\u00e1l 2020., 1 M\u0171v\u00e9sz 1 Porta, Bor \u00e9s K\u00e9zm\u0171ves Gal\u00e9ria<\/p>\n<p style=\"text-align: justify;\"><span style=\"font-family: 'Abhaya Libre'; font-weight: normal; font-size: xx-large;\"><\/span><\/p>\n<p style=\"text-align: justify;\">Install\u00e1ci\u00f3m egym\u00e1sba fon\u00f3d\u00f3 terek h\u00e1l\u00f3zat\u00e1ba invit\u00e1lja a n\u00e9z\u0151t. A Bart\u00f3k B\u00e9la \u00faton j\u00e1rva meg\u00e1llunk a Bor \u00e9s K\u00e9zm\u0171ves Gal\u00e9ria el\u0151tt. Az utc\u00e1r\u00f3l n\u00e9zve a kirakat \u00fcveg\u00e9n \u00e1t egy bels\u0151 t\u00e9rbe ker\u00fcl\u00fcnk, melyb\u0151l egy \u00fajabb ablakon kereszt\u00fcl kil\u00e1t\u00e1s ny\u00edlik egy eddig nem l\u00e1tott kertre. Egy festm\u00e9ny n\u00e9z\u00e9sekor ismert \u00e9s ismeretlen tereink k\u00f6rforg\u00e1sa elindul, a m\u0171alkot\u00e1s \u00faj vil\u00e1gokat nyit meg, s mindez folytat\u00f3dik a k\u00e9pzelet\u00fcnkben.<\/p>\n<p style=\"text-align: justify;\">A renesz\u00e1nsz korban \u00fagy gondoltak a k\u00e9pre, mint a falba v\u00e1gott ablakra, melyen kereszt\u00fcl a val\u00f3s\u00e1g egy szelet\u00e9t l\u00e1thatjuk. Leon Battista Alberti A Fest\u00e9szetr\u0151l c\u00edm\u0171, 1436-ban \u00edr\u00f3dott munk\u00e1j\u00e1ban azt mondja \u201emindenekel\u0151tt oda, ahova festenem kell, rajzolok egy tetsz\u00e9s szerinti nagys\u00e1g\u00fa, der\u00e9ksz\u00f6g\u0171 n\u00e9gysz\u00f6get, amelyet \u00fagy tekintek, mint egy nyitott ablakot, amelyen kereszt\u00fcl szeml\u00e9lem, amit oda fogok festeni.\u201d<\/p>\n<p style=\"text-align: justify;\">Ez az ablak itt csukva van, azonban \u00e1tl\u00e1tunk rajta. Az ablakb\u00f3l kitekint\u0151 szitu\u00e1ci\u00f3 nem ismeretlen sz\u00e1munkra most, mikor v\u00e1ratlanul falak m\u00f6g\u00e9 k\u00e9nyszer\u00fclt\u00fcnk \u00e9s megszokott \u00e9let\u00fcnk megv\u00e1ltozni l\u00e1tszik.<\/p>\n<p>[\/et_pb_text][\/et_pb_column][\/et_pb_row][et_pb_row make_equal=&#8221;on&#8221; _builder_version=&#8221;4.7.7&#8243; _module_preset=&#8221;default&#8221; width=&#8221;97%&#8221; max_width=&#8221;2560px&#8221;][et_pb_column type=&#8221;4_4&#8243; _builder_version=&#8221;4.7.7&#8243; _module_preset=&#8221;default&#8221;][el_masonry_gallery image_ids=&#8221;502,500,501,156,650&#8243; number_of_columns=&#8221;5&#8243; image_size=&#8221;full&#8221; show_title=&#8221;on&#8221; title_area=&#8221;both&#8221; show_caption=&#8221;on&#8221; caption_area=&#8221;both&#8221; enable_lightbox=&#8221;on&#8221; lightbox_title_and_caption_style=&#8221;below_image&#8221; enable_overlay=&#8221;on&#8221; overlay_icon=&#8221;%%43%%&#8221; meta_background_color=&#8221;#b3b3b3&#8243; lightbox_close_icon_color=&#8221;#ffffff&#8221; lightbox_arrows_color=&#8221;#ffffff&#8221; overlay_icon_color=&#8221;#ffffff&#8221; overlay_color=&#8221;rgba(255,255,255,0.42)&#8221; _builder_version=&#8221;4.7.7&#8243; _module_preset=&#8221;default&#8221; title_font=&#8221;Abhaya Libre|600|||||||&#8221; title_text_align=&#8221;center&#8221; title_text_color=&#8221;#000000&#8243; title_font_size=&#8221;25px&#8221; caption_font=&#8221;Abhaya Libre||||||||&#8221; caption_text_align=&#8221;center&#8221; caption_text_color=&#8221;#000000&#8243; caption_font_size=&#8221;20px&#8221; category_font=&#8221;Abhaya Libre|600|||||||&#8221; category_text_color=&#8221;#000000&#8243; category_font_size=&#8221;20px&#8221;][\/el_masonry_gallery][\/et_pb_column][\/et_pb_row][\/et_pb_section]<\/p>\n","protected":false},"excerpt":{"rendered":"<p>Terek h\u00e1l\u00f3zata install\u00e1ci\u00f3 Eleven \u0150sz Fesztiv\u00e1l 2020., 1 M\u0171v\u00e9sz 1 Porta, Bor \u00e9s K\u00e9zm\u0171ves Gal\u00e9ria Install\u00e1ci\u00f3m egym\u00e1sba fon\u00f3d\u00f3 terek h\u00e1l\u00f3zat\u00e1ba invit\u00e1lja a n\u00e9z\u0151t. A Bart\u00f3k B\u00e9la \u00faton j\u00e1rva meg\u00e1llunk a Bor \u00e9s K\u00e9zm\u0171ves Gal\u00e9ria el\u0151tt. Az utc\u00e1r\u00f3l n\u00e9zve a kirakat \u00fcveg\u00e9n \u00e1t egy bels\u0151 t\u00e9rbe ker\u00fcl\u00fcnk, melyb\u0151l egy \u00fajabb ablakon kereszt\u00fcl kil\u00e1t\u00e1s ny\u00edlik egy eddig [&hellip;]<\/p>\n","protected":false},"author":1,"featured_media":0,"parent":0,"menu_order":0,"comment_status":"closed","ping_status":"closed","template":"","meta":{"_et_pb_use_builder":"on","_et_pb_old_content":"","_et_gb_content_width":"","footnotes":""},"class_list":["post-647","page","type-page","status-publish","hentry"],"_links":{"self":[{"href":"https:\/\/tothannamariarita.com\/en\/wp-json\/wp\/v2\/pages\/647","targetHints":{"allow":["GET"]}}],"collection":[{"href":"https:\/\/tothannamariarita.com\/en\/wp-json\/wp\/v2\/pages"}],"about":[{"href":"https:\/\/tothannamariarita.com\/en\/wp-json\/wp\/v2\/types\/page"}],"author":[{"embeddable":true,"href":"https:\/\/tothannamariarita.com\/en\/wp-json\/wp\/v2\/users\/1"}],"replies":[{"embeddable":true,"href":"https:\/\/tothannamariarita.com\/en\/wp-json\/wp\/v2\/comments?post=647"}],"version-history":[{"count":12,"href":"https:\/\/tothannamariarita.com\/en\/wp-json\/wp\/v2\/pages\/647\/revisions"}],"predecessor-version":[{"id":1194,"href":"https:\/\/tothannamariarita.com\/en\/wp-json\/wp\/v2\/pages\/647\/revisions\/1194"}],"wp:attachment":[{"href":"https:\/\/tothannamariarita.com\/en\/wp-json\/wp\/v2\/media?parent=647"}],"curies":[{"name":"wp","href":"https:\/\/api.w.org\/{rel}","templated":true}]}}