{"id":529,"date":"2021-01-18T09:30:28","date_gmt":"2021-01-18T09:30:28","guid":{"rendered":"https:\/\/tothannamariarita.com\/?page_id=529"},"modified":"2021-01-31T16:57:16","modified_gmt":"2021-01-31T16:57:16","slug":"portfolio","status":"publish","type":"page","link":"https:\/\/tothannamariarita.com\/en\/portfolio\/","title":{"rendered":"Portfolio"},"content":{"rendered":"<p>[et_pb_section fb_built=&#8221;1&#8243; _builder_version=&#8221;4.7.7&#8243; _module_preset=&#8221;default&#8221; custom_padding=&#8221;6px||0px|||&#8221;][et_pb_row column_structure=&#8221;1_3,1_3,1_3&#8243; use_custom_gutter=&#8221;on&#8221; gutter_width=&#8221;2&#8243; make_equal=&#8221;on&#8221; _builder_version=&#8221;4.7.7&#8243; _module_preset=&#8221;default&#8221; width=&#8221;97%&#8221; max_width=&#8221;2560px&#8221; custom_padding=&#8221;1px||28px|||&#8221;][et_pb_column type=&#8221;1_3&#8243; _builder_version=&#8221;4.7.7&#8243; _module_preset=&#8221;default&#8221;][et_pb_image src=&#8221;https:\/\/tothannamariarita.com\/wp-content\/uploads\/2021\/01\/FESTMENYEK-ALAP.jpg&#8221; alt=&#8221;FESTM\u00c9NYEK&#8221; title_text=&#8221;FESTM\u00c9NYEK&#8221; url=&#8221;https:\/\/tothannamariarita.com\/festmenyek\/&#8221; use_overlay=&#8221;on&#8221; overlay_icon_color=&#8221;#ffffff&#8221; hover_overlay_color=&#8221;rgba(255,255,255,0.42)&#8221; hover_icon=&#8221;%%3%%&#8221; align_tablet=&#8221;&#8221; align_phone=&#8221;center&#8221; align_last_edited=&#8221;on|phone&#8221; admin_label=&#8221;K\u00e9p&#8221; _builder_version=&#8221;4.7.7&#8243; _module_preset=&#8221;default&#8221; custom_margin=&#8221;|-45px||||&#8221; custom_padding=&#8221;|6px|3px|||&#8221; custom_padding_tablet=&#8221;&#8221; custom_padding_phone=&#8221;|45px|||false|false&#8221; custom_padding_last_edited=&#8221;on|phone&#8221;][\/et_pb_image][\/et_pb_column][et_pb_column type=&#8221;1_3&#8243; _builder_version=&#8221;4.7.7&#8243; _module_preset=&#8221;default&#8221;][et_pb_image src=&#8221;https:\/\/tothannamariarita.com\/wp-content\/uploads\/2021\/01\/INSTALLACIOK-ALAP.jpg&#8221; title_text=&#8221;INSTALL\u00c1CI\u00d3K&#8221; url=&#8221;https:\/\/tothannamariarita.com\/installaciok\/&#8221; use_overlay=&#8221;on&#8221; overlay_icon_color=&#8221;#ffffff&#8221; hover_overlay_color=&#8221;rgba(255,255,255,0.42)&#8221; hover_icon=&#8221;%%3%%&#8221; align_tablet=&#8221;&#8221; align_phone=&#8221;center&#8221; align_last_edited=&#8221;on|phone&#8221; _builder_version=&#8221;4.7.7&#8243; _module_preset=&#8221;default&#8221; width=&#8221;106.1%&#8221; custom_margin=&#8221;|-39px|-11px|4px||&#8221; custom_padding=&#8221;|||0px||&#8221; custom_padding_tablet=&#8221;&#8221; custom_padding_phone=&#8221;|32px|||false|false&#8221; custom_padding_last_edited=&#8221;on|phone&#8221;][\/et_pb_image][\/et_pb_column][et_pb_column type=&#8221;1_3&#8243; _builder_version=&#8221;4.7.7&#8243; _module_preset=&#8221;default&#8221;][et_pb_image src=&#8221;https:\/\/tothannamariarita.com\/wp-content\/uploads\/2021\/01\/RAJZOK-ALAP-3.jpg&#8221; title_text=&#8221;RAJZOK&#8221; url=&#8221;https:\/\/tothannamariarita.com\/rajzok\/&#8221; use_overlay=&#8221;on&#8221; overlay_icon_color=&#8221;#ffffff&#8221; hover_overlay_color=&#8221;rgba(255,255,255,0.42)&#8221; hover_icon=&#8221;%%3%%&#8221; align_tablet=&#8221;&#8221; align_phone=&#8221;center&#8221; align_last_edited=&#8221;on|phone&#8221; _builder_version=&#8221;4.7.7&#8243; _module_preset=&#8221;default&#8221;][\/et_pb_image][\/et_pb_column][\/et_pb_row][et_pb_row column_structure=&#8221;1_3,1_3,1_3&#8243; use_custom_gutter=&#8221;on&#8221; gutter_width=&#8221;2&#8243; make_equal=&#8221;on&#8221; _builder_version=&#8221;4.7.7&#8243; _module_preset=&#8221;default&#8221; width=&#8221;97%&#8221; max_width=&#8221;2560px&#8221; min_height=&#8221;60.4px&#8221; custom_margin=&#8221;-34px|auto||auto||&#8221; custom_padding=&#8221;27px||12px|||&#8221;][et_pb_column type=&#8221;1_3&#8243; _builder_version=&#8221;4.7.7&#8243; _module_preset=&#8221;default&#8221;][et_pb_text _builder_version=&#8221;4.7.7&#8243; _module_preset=&#8221;default&#8221; hover_enabled=&#8221;0&#8243; inline_fonts=&#8221;Abhaya Libre&#8221; link_option_url=&#8221;https:\/\/tothannamariarita.com\/festmenyek\/&#8221; sticky_enabled=&#8221;0&#8243;]<\/p>\n<p style=\"text-align: center;\"><span style=\"font-size: xx-large; font-family: 'Abhaya Libre'; font-weight: normal;\">FESTM\u00c9NYEK<\/span><\/p>\n<p>[\/et_pb_text][\/et_pb_column][et_pb_column type=&#8221;1_3&#8243; _builder_version=&#8221;4.7.7&#8243; _module_preset=&#8221;default&#8221;][et_pb_text _builder_version=&#8221;4.7.7&#8243; _module_preset=&#8221;default&#8221; hover_enabled=&#8221;0&#8243; inline_fonts=&#8221;Abhaya Libre&#8221; link_option_url=&#8221;https:\/\/tothannamariarita.com\/installaciok\/&#8221; sticky_enabled=&#8221;0&#8243;]<\/p>\n<p style=\"text-align: center;\"><span style=\"font-family: 'Abhaya Libre'; font-weight: normal; font-size: xx-large;\">INSTALL\u00c1CI\u00d3K<\/span><\/p>\n<p>[\/et_pb_text][\/et_pb_column][et_pb_column type=&#8221;1_3&#8243; _builder_version=&#8221;4.7.7&#8243; _module_preset=&#8221;default&#8221;][et_pb_text _builder_version=&#8221;4.7.7&#8243; _module_preset=&#8221;default&#8221; hover_enabled=&#8221;0&#8243; inline_fonts=&#8221;Abhaya Libre&#8221; link_option_url=&#8221;https:\/\/tothannamariarita.com\/rajzok\/&#8221; sticky_enabled=&#8221;0&#8243;]<\/p>\n<p style=\"text-align: center;\"><span style=\"font-size: xx-large; font-family: 'Abhaya Libre'; font-weight: normal;\">RAJZOK<\/span><\/p>\n<p>[\/et_pb_text][\/et_pb_column][\/et_pb_row][\/et_pb_section]<\/p>\n","protected":false},"excerpt":{"rendered":"<p>FESTM\u00c9NYEKINSTALL\u00c1CI\u00d3KRAJZOK<\/p>","protected":false},"author":1,"featured_media":0,"parent":0,"menu_order":0,"comment_status":"closed","ping_status":"closed","template":"","meta":{"_et_pb_use_builder":"on","_et_pb_old_content":"","_et_gb_content_width":"","footnotes":""},"class_list":["post-529","page","type-page","status-publish","hentry"],"_links":{"self":[{"href":"https:\/\/tothannamariarita.com\/en\/wp-json\/wp\/v2\/pages\/529","targetHints":{"allow":["GET"]}}],"collection":[{"href":"https:\/\/tothannamariarita.com\/en\/wp-json\/wp\/v2\/pages"}],"about":[{"href":"https:\/\/tothannamariarita.com\/en\/wp-json\/wp\/v2\/types\/page"}],"author":[{"embeddable":true,"href":"https:\/\/tothannamariarita.com\/en\/wp-json\/wp\/v2\/users\/1"}],"replies":[{"embeddable":true,"href":"https:\/\/tothannamariarita.com\/en\/wp-json\/wp\/v2\/comments?post=529"}],"version-history":[{"count":59,"href":"https:\/\/tothannamariarita.com\/en\/wp-json\/wp\/v2\/pages\/529\/revisions"}],"predecessor-version":[{"id":1446,"href":"https:\/\/tothannamariarita.com\/en\/wp-json\/wp\/v2\/pages\/529\/revisions\/1446"}],"wp:attachment":[{"href":"https:\/\/tothannamariarita.com\/en\/wp-json\/wp\/v2\/media?parent=529"}],"curies":[{"name":"wp","href":"https:\/\/api.w.org\/{rel}","templated":true}]}}