{"id":329,"date":"2021-01-11T14:39:51","date_gmt":"2021-01-11T14:39:51","guid":{"rendered":"https:\/\/tothannamariarita.com\/?page_id=329"},"modified":"2021-01-31T17:18:17","modified_gmt":"2021-01-31T17:18:17","slug":"installaciok","status":"publish","type":"page","link":"https:\/\/tothannamariarita.com\/en\/installaciok\/","title":{"rendered":"Install\u00e1ci\u00f3k"},"content":{"rendered":"<p>[et_pb_section fb_built=&#8221;1&#8243; _builder_version=&#8221;4.7.7&#8243; _module_preset=&#8221;default&#8221; custom_padding=&#8221;30px|||||&#8221;][et_pb_row _builder_version=&#8221;4.7.7&#8243; _module_preset=&#8221;default&#8221; width=&#8221;97%&#8221; max_width=&#8221;2560px&#8221; custom_padding=&#8221;4px|||||&#8221;][et_pb_column type=&#8221;4_4&#8243; _builder_version=&#8221;4.7.7&#8243; _module_preset=&#8221;default&#8221;][et_pb_button button_url=&#8221;https:\/\/tothannamariarita.com\/portfolio\/&#8221; button_text=&#8221;Vissza&#8221; _builder_version=&#8221;4.7.7&#8243; _module_preset=&#8221;default&#8221; custom_button=&#8221;on&#8221; button_text_size=&#8221;22px&#8221; button_text_color=&#8221;#000000&#8243; button_bg_color=&#8221;#ffffff&#8221; button_border_width=&#8221;1px&#8221; button_border_color=&#8221;#000000&#8243; button_border_radius=&#8221;50px&#8221; button_letter_spacing=&#8221;0px&#8221; button_font=&#8221;Abhaya Libre||||||||&#8221; button_icon=&#8221;%%2%%&#8221; custom_margin=&#8221;||0px|||&#8221; custom_padding=&#8221;7px|||||&#8221; button_font_tablet=&#8221;&#8221; button_font_phone=&#8221;&#8221; button_font_last_edited=&#8221;on|desktop&#8221;][\/et_pb_button][et_pb_text _builder_version=&#8221;4.7.7&#8243; _module_preset=&#8221;default&#8221; inline_fonts=&#8221;Abhaya Libre&#8221;]<\/p>\n<p style=\"text-align: center;\"><span style=\"font-size: xx-large; font-family: 'Abhaya Libre'; font-weight: normal;\">\u00a0 \u00a0 \u00a0 \u00a0 \u00a0 \u00a0 \u00a0 INSTALL\u00c1CI\u00d3K<\/span><\/p>\n<p>[\/et_pb_text][\/et_pb_column][\/et_pb_row][et_pb_row column_structure=&#8221;1_2,1_2&#8243; make_equal=&#8221;on&#8221; _builder_version=&#8221;4.7.7&#8243; _module_preset=&#8221;default&#8221; width=&#8221;97%&#8221; max_width=&#8221;2560px&#8221; custom_padding=&#8221;30px|||||&#8221;][et_pb_column type=&#8221;1_2&#8243; _builder_version=&#8221;4.7.7&#8243; _module_preset=&#8221;default&#8221;][et_pb_image src=&#8221;https:\/\/tothannamariarita.com\/wp-content\/uploads\/2021\/01\/install-reszl-3.-scaled.jpg&#8221; title_text=&#8221;TEREK H\u00c1L\u00d3ZATA INSTALL\u00c1CI\u00d3&#8221; url=&#8221;https:\/\/tothannamariarita.com\/terek-halozata-installacio\/&#8221; use_overlay=&#8221;on&#8221; overlay_icon_color=&#8221;#ffffff&#8221; hover_overlay_color=&#8221;rgba(255,255,255,0.42)&#8221; hover_icon=&#8221;%%3%%&#8221; _builder_version=&#8221;4.7.7&#8243; _module_preset=&#8221;default&#8221; custom_margin=&#8221;|-78px||||&#8221; custom_padding_tablet=&#8221;|78px|||false|false&#8221; custom_padding_phone=&#8221;|78px|||false|false&#8221; custom_padding_last_edited=&#8221;on|phone&#8221;][\/et_pb_image][\/et_pb_column][et_pb_column type=&#8221;1_2&#8243; _builder_version=&#8221;4.7.7&#8243; _module_preset=&#8221;default&#8221;][et_pb_image src=&#8221;https:\/\/tothannamariarita.com\/wp-content\/uploads\/2021\/01\/installacio-2014-BBB-Eleven-Tavasz3.jpeg&#8221; title_text=&#8221;APR\u00d3 \u00d3RI\u00c1SOK INSTALL\u00c1CI\u00d3&#8221; url=&#8221;https:\/\/tothannamariarita.com\/apro-oriasok-installacio\/&#8221; use_overlay=&#8221;on&#8221; overlay_icon_color=&#8221;#ffffff&#8221; hover_overlay_color=&#8221;rgba(255,255,255,0.42)&#8221; hover_icon=&#8221;%%3%%&#8221; force_fullwidth=&#8221;on&#8221; _builder_version=&#8221;4.7.7&#8243; _module_preset=&#8221;default&#8221; custom_padding=&#8221;|||36px||&#8221; custom_padding_tablet=&#8221;|||0px|false|false&#8221; custom_padding_phone=&#8221;|||0px|false|false&#8221; custom_padding_last_edited=&#8221;on|tablet&#8221;][\/et_pb_image][\/et_pb_column][\/et_pb_row][et_pb_row column_structure=&#8221;1_2,1_2&#8243; _builder_version=&#8221;4.7.7&#8243; _module_preset=&#8221;default&#8221; width=&#8221;100%&#8221; max_width=&#8221;2560px&#8221; custom_margin=&#8221;-31px|auto||auto||&#8221; custom_padding=&#8221;25px|||||&#8221;][et_pb_column type=&#8221;1_2&#8243; _builder_version=&#8221;4.7.7&#8243; _module_preset=&#8221;default&#8221;][et_pb_text _builder_version=&#8221;4.7.7&#8243; _module_preset=&#8221;default&#8221; hover_enabled=&#8221;0&#8243; inline_fonts=&#8221;Abhaya Libre&#8221; link_option_url=&#8221;https:\/\/tothannamariarita.com\/terek-halozata-installacio\/&#8221; sticky_enabled=&#8221;0&#8243;]<\/p>\n<p style=\"text-align: center;\"><span style=\"font-size: x-large; font-family: 'Abhaya Libre';\">Terek h\u00e1l\u00f3zata\u00a0<\/span><\/p>\n<p>[\/et_pb_text][\/et_pb_column][et_pb_column type=&#8221;1_2&#8243; _builder_version=&#8221;4.7.7&#8243; _module_preset=&#8221;default&#8221;][et_pb_text _builder_version=&#8221;4.7.7&#8243; _module_preset=&#8221;default&#8221; text_font=&#8221;Abhaya Libre||||||||&#8221; text_orientation=&#8221;center&#8221; hover_enabled=&#8221;0&#8243; inline_fonts=&#8221;Abhaya Libre&#8221; link_option_url=&#8221;https:\/\/tothannamariarita.com\/apro-oriasok-installacio\/&#8221; sticky_enabled=&#8221;0&#8243;]<\/p>\n<p style=\"text-align: center;\"><span style=\"font-size: x-large; font-family: 'Abhaya Libre';\">Apr\u00f3 \u00d3ri\u00e1sok<\/span><\/p>\n<p>[\/et_pb_text][\/et_pb_column][\/et_pb_row][\/et_pb_section]<\/p>\n","protected":false},"excerpt":{"rendered":"<p>\u00a0 \u00a0 \u00a0 \u00a0 \u00a0 \u00a0 \u00a0 INSTALL\u00c1CI\u00d3KTerek h\u00e1l\u00f3zata\u00a0Apr\u00f3 \u00d3ri\u00e1sok<\/p>","protected":false},"author":1,"featured_media":0,"parent":0,"menu_order":0,"comment_status":"closed","ping_status":"closed","template":"","meta":{"_et_pb_use_builder":"on","_et_pb_old_content":"","_et_gb_content_width":"","footnotes":""},"class_list":["post-329","page","type-page","status-publish","hentry"],"_links":{"self":[{"href":"https:\/\/tothannamariarita.com\/en\/wp-json\/wp\/v2\/pages\/329","targetHints":{"allow":["GET"]}}],"collection":[{"href":"https:\/\/tothannamariarita.com\/en\/wp-json\/wp\/v2\/pages"}],"about":[{"href":"https:\/\/tothannamariarita.com\/en\/wp-json\/wp\/v2\/types\/page"}],"author":[{"embeddable":true,"href":"https:\/\/tothannamariarita.com\/en\/wp-json\/wp\/v2\/users\/1"}],"replies":[{"embeddable":true,"href":"https:\/\/tothannamariarita.com\/en\/wp-json\/wp\/v2\/comments?post=329"}],"version-history":[{"count":24,"href":"https:\/\/tothannamariarita.com\/en\/wp-json\/wp\/v2\/pages\/329\/revisions"}],"predecessor-version":[{"id":1450,"href":"https:\/\/tothannamariarita.com\/en\/wp-json\/wp\/v2\/pages\/329\/revisions\/1450"}],"wp:attachment":[{"href":"https:\/\/tothannamariarita.com\/en\/wp-json\/wp\/v2\/media?parent=329"}],"curies":[{"name":"wp","href":"https:\/\/api.w.org\/{rel}","templated":true}]}}