{"id":323,"date":"2021-01-11T14:37:20","date_gmt":"2021-01-11T14:37:20","guid":{"rendered":"https:\/\/tothannamariarita.com\/?page_id=323"},"modified":"2022-01-27T20:59:11","modified_gmt":"2022-01-27T20:59:11","slug":"retegeim","status":"publish","type":"page","link":"https:\/\/tothannamariarita.com\/en\/retegeim\/","title":{"rendered":"R\u00e9tegeim"},"content":{"rendered":"<p>[et_pb_section fb_built=&#8221;1&#8243; _builder_version=&#8221;4.7.7&#8243; _module_preset=&#8221;default&#8221; min_height=&#8221;3317px&#8221; custom_margin=&#8221;||4px|||&#8221;][et_pb_row _builder_version=&#8221;4.7.7&#8243; _module_preset=&#8221;default&#8221;][et_pb_column type=&#8221;4_4&#8243; _builder_version=&#8221;4.7.7&#8243; _module_preset=&#8221;default&#8221;][et_pb_button button_url=&#8221;https:\/\/tothannamariarita.com\/festmenyek\/&#8221; button_text=&#8221;Vissza&#8221; _builder_version=&#8221;4.7.7&#8243; _module_preset=&#8221;default&#8221; custom_button=&#8221;on&#8221; button_text_size=&#8221;22px&#8221; button_text_color=&#8221;#000000&#8243; button_bg_color=&#8221;#ffffff&#8221; button_border_width=&#8221;1px&#8221; button_border_color=&#8221;#000000&#8243; button_border_radius=&#8221;50px&#8221; button_letter_spacing=&#8221;0px&#8221; button_font=&#8221;Abhaya Libre||||||||&#8221; button_icon=&#8221;%%2%%&#8221; custom_margin=&#8221;||0px|||&#8221; custom_padding=&#8221;7px|||||&#8221; button_font_tablet=&#8221;&#8221; button_font_phone=&#8221;&#8221; button_font_last_edited=&#8221;on|desktop&#8221;][\/et_pb_button][et_pb_text _builder_version=&#8221;4.7.7&#8243; _module_preset=&#8221;default&#8221; min_height=&#8221;61.5px&#8221; custom_padding=&#8221;||20px|||&#8221;]<\/p>\n<p style=\"text-align: center;\"><span style=\"font-size: xx-large; font-family: 'Abhaya Libre'; font-weight: normal;\">R\u00e9tegeim<\/span><\/p>\n<p style=\"text-align: justify;\">\u00daj anyagok haszn\u00e1lata, a r\u00e9tegz\u0151d\u00e9s \u00e9s a t\u00e9rbe val\u00f3 kil\u00e9p\u00e9s lehet\u0151s\u00e9ge is foglalkoztat. Ebben a sorozatban l\u00e1that\u00f3 munk\u00e1im egy v\u00e9kony \u00fcvegsz\u00e1lakb\u00f3l sz\u0151tt sz\u00f6vetre k\u00e9sz\u00fclnek, egym\u00e1s m\u00f6g\u00f6tt t\u00f6bb r\u00e9tegben megfestve. A t\u00e9rbe bel\u00f3gatva, a h\u00e1toldal\u00e1t \u00e9s t\u00f6bbr\u00e9teg\u0171s\u00e9g\u00e9t is hangs\u00falyozva install\u00e1lom \u0151ket. Az anyag tisztas\u00e1g\u00e1val, lebeg\u0151, k\u00f6nnyed jelleg\u00e9vel m\u00e9g jobban k\u00e9pes hangs\u00falyozni az id\u0151tlens\u00e9get \u00e9s egyben a t\u0171n\u00e9keny, megfoghatatlan, folyton mozg\u00e1sban l\u00e9v\u0151 \u00e9s v\u00e1ltoz\u00f3 \u00e1raml\u00e1st \u00e9s kapcsol\u00f3d\u00e1st. A hordoz\u00f3 \u00e1ttetsz\u0151s\u00e9ge miatt m\u00e9g nagyobb szerephez jutnak a fest\u0151i gesztusok, ez\u00e1ltal \u00faj t\u00e9ri helyzet keletkezik.<\/p>\n<p style=\"text-align: center;\"><span style=\"font-size: xx-large; font-family: 'Abhaya Libre'; font-weight: normal;\"><\/span><\/p>\n<p>[\/et_pb_text][\/et_pb_column][\/et_pb_row][et_pb_row _builder_version=&#8221;4.7.7&#8243; _module_preset=&#8221;default&#8221; width=&#8221;77%&#8221; max_width=&#8221;2560px&#8221; min_height=&#8221;1000px&#8221; height=&#8221;1000px&#8221; max_height=&#8221;1000px&#8221;][et_pb_column type=&#8221;4_4&#8243; _builder_version=&#8221;4.7.7&#8243; _module_preset=&#8221;default&#8221;][el_masonry_gallery image_ids=&#8221;1496,1497,1498,1500,1501,1499,1527,1529,1530,1528,514,513,515&#8243; number_of_columns=&#8221;3&#8243; column_spacing=&#8221;20px&#8221; image_size=&#8221;full&#8221; show_title=&#8221;on&#8221; title_area=&#8221;both&#8221; show_caption=&#8221;on&#8221; caption_area=&#8221;both&#8221; enable_lightbox=&#8221;on&#8221; lightbox_title_and_caption_style=&#8221;below_image&#8221; enable_overlay=&#8221;on&#8221; overlay_icon=&#8221;%%43%%&#8221; meta_background_color=&#8221;#b3b3b3&#8243; lightbox_close_icon_color=&#8221;#ffffff&#8221; lightbox_arrows_color=&#8221;#ffffff&#8221; overlay_icon_color=&#8221;#ffffff&#8221; overlay_color=&#8221;rgba(255,255,255,0.42)&#8221; _builder_version=&#8221;4.7.7&#8243; _module_preset=&#8221;default&#8221; title_font=&#8221;Abhaya Libre|600|||||||&#8221; title_text_align=&#8221;center&#8221; title_text_color=&#8221;#000000&#8243; title_font_size=&#8221;25px&#8221; caption_font=&#8221;Abhaya Libre||||||||&#8221; caption_text_align=&#8221;center&#8221; caption_text_color=&#8221;#000000&#8243; caption_font_size=&#8221;20px&#8221; category_font=&#8221;Abhaya Libre|600|||||||&#8221; category_text_color=&#8221;#000000&#8243; category_font_size=&#8221;22px&#8221; width=&#8221;100%&#8221; max_width=&#8221;100%&#8221; custom_padding=&#8221;|6px||6px||true&#8221;][\/el_masonry_gallery][\/et_pb_column][\/et_pb_row][\/et_pb_section]<\/p>\n","protected":false},"excerpt":{"rendered":"<p>R\u00e9tegeim \u00daj anyagok haszn\u00e1lata, a r\u00e9tegz\u0151d\u00e9s \u00e9s a t\u00e9rbe val\u00f3 kil\u00e9p\u00e9s lehet\u0151s\u00e9ge is foglalkoztat. Ebben a sorozatban l\u00e1that\u00f3 munk\u00e1im egy v\u00e9kony \u00fcvegsz\u00e1lakb\u00f3l sz\u0151tt sz\u00f6vetre k\u00e9sz\u00fclnek, egym\u00e1s m\u00f6g\u00f6tt t\u00f6bb r\u00e9tegben megfestve. A t\u00e9rbe bel\u00f3gatva, a h\u00e1toldal\u00e1t \u00e9s t\u00f6bbr\u00e9teg\u0171s\u00e9g\u00e9t is hangs\u00falyozva install\u00e1lom \u0151ket. Az anyag tisztas\u00e1g\u00e1val, lebeg\u0151, k\u00f6nnyed jelleg\u00e9vel m\u00e9g jobban k\u00e9pes hangs\u00falyozni az id\u0151tlens\u00e9get \u00e9s egyben [&hellip;]<\/p>\n","protected":false},"author":1,"featured_media":0,"parent":0,"menu_order":0,"comment_status":"closed","ping_status":"closed","template":"","meta":{"_et_pb_use_builder":"on","_et_pb_old_content":"","_et_gb_content_width":"","footnotes":""},"class_list":["post-323","page","type-page","status-publish","hentry"],"_links":{"self":[{"href":"https:\/\/tothannamariarita.com\/en\/wp-json\/wp\/v2\/pages\/323","targetHints":{"allow":["GET"]}}],"collection":[{"href":"https:\/\/tothannamariarita.com\/en\/wp-json\/wp\/v2\/pages"}],"about":[{"href":"https:\/\/tothannamariarita.com\/en\/wp-json\/wp\/v2\/types\/page"}],"author":[{"embeddable":true,"href":"https:\/\/tothannamariarita.com\/en\/wp-json\/wp\/v2\/users\/1"}],"replies":[{"embeddable":true,"href":"https:\/\/tothannamariarita.com\/en\/wp-json\/wp\/v2\/comments?post=323"}],"version-history":[{"count":38,"href":"https:\/\/tothannamariarita.com\/en\/wp-json\/wp\/v2\/pages\/323\/revisions"}],"predecessor-version":[{"id":1551,"href":"https:\/\/tothannamariarita.com\/en\/wp-json\/wp\/v2\/pages\/323\/revisions\/1551"}],"wp:attachment":[{"href":"https:\/\/tothannamariarita.com\/en\/wp-json\/wp\/v2\/media?parent=323"}],"curies":[{"name":"wp","href":"https:\/\/api.w.org\/{rel}","templated":true}]}}