{"id":186,"date":"2021-01-09T10:34:14","date_gmt":"2021-01-09T10:34:14","guid":{"rendered":"https:\/\/tothannamariarita.com\/?page_id=186"},"modified":"2022-01-27T18:02:13","modified_gmt":"2022-01-27T18:02:13","slug":"rolam","status":"publish","type":"page","link":"https:\/\/tothannamariarita.com\/en\/rolam\/","title":{"rendered":"About me"},"content":{"rendered":"<p>[et_pb_section fb_built=&#8221;1&#8243; _builder_version=&#8221;4.7.7&#8243; _module_preset=&#8221;default&#8221; custom_padding=&#8221;35px||61px|||&#8221;][et_pb_row column_structure=&#8221;1_2,1_2&#8243; custom_padding_last_edited=&#8221;on|phone&#8221; _builder_version=&#8221;4.7.7&#8243; _module_preset=&#8221;default&#8221; width=&#8221;100%&#8221; width_tablet=&#8221;90%&#8221; width_phone=&#8221;90%&#8221; width_last_edited=&#8221;on|phone&#8221; custom_margin=&#8221;|auto|50px|auto||&#8221; custom_margin_tablet=&#8221;&#8221; custom_margin_phone=&#8221;||||false|true&#8221; custom_margin_last_edited=&#8221;on|tablet&#8221; custom_padding=&#8221;|0px|0px|0px|false|true&#8221; custom_padding_tablet=&#8221;&#8221; custom_padding_phone=&#8221;|0px||0px|false|true&#8221; hover_enabled=&#8221;0&#8243; max_width=&#8221;1169px&#8221; sticky_enabled=&#8221;0&#8243;][et_pb_column type=&#8221;1_2&#8243; _builder_version=&#8221;4.7.7&#8243; _module_preset=&#8221;default&#8221;][et_pb_image src=&#8221;https:\/\/tothannamariarita.com\/wp-content\/uploads\/2021\/01\/Toth-Annamaria-Foto-Nemeth-Andrea-2.jpg&#8221; title_text=&#8221;T\u00f3th Annam\u00e1ria Rita Foto N\u00e9meth Andrea&#8221; align_tablet=&#8221;&#8221; align_phone=&#8221;center&#8221; align_last_edited=&#8221;on|phone&#8221; _builder_version=&#8221;4.7.7&#8243; _module_preset=&#8221;default&#8221; width=&#8221;81%&#8221; module_alignment_tablet=&#8221;center&#8221; module_alignment_phone=&#8221;center&#8221; module_alignment_last_edited=&#8221;on|phone&#8221;][\/et_pb_image][\/et_pb_column][et_pb_column type=&#8221;1_2&#8243; _builder_version=&#8221;4.7.7&#8243; _module_preset=&#8221;default&#8221;][et_pb_text _builder_version=&#8221;4.7.7&#8243; _module_preset=&#8221;default&#8221; text_font=&#8221;Abhaya Libre||||||||&#8221; text_line_height=&#8221;2em&#8221; min_height=&#8221;369px&#8221; custom_margin=&#8221;||-5px|||&#8221;]<\/p>\n<p style=\"text-align: justify;\">Munk\u00e1mban egyszerre keresem az id\u0151tlens\u00e9get \u00e9s a folyamatos v\u00e1ltoz\u00e1st, kapcsol\u00f3d\u00e1st id\u0151vel, t\u00e9rrel, term\u00e9szettel, emberekkel.<\/p>\n<p style=\"text-align: justify;\">A t\u00e9r fontos szerepet kap, \u00f6sszek\u00f6t m\u00faltat \u00e9s jelent, eml\u00e9ket \u00e9s \u00e9rezhet\u0151 val\u00f3s\u00e1got. Egym\u00e1ssal \u00f6sszefon\u00f3d\u00f3 gesztusokat, f\u00e9nyek \u00e9s \u00e1rnyak v\u00e1ltakoz\u00e1s\u00e1t l\u00e1tjuk, egy saj\u00e1t atmoszf\u00e9r\u00e1t teremtve. K\u00e9peim az absztrakci\u00f3 \u00e9s a figuralit\u00e1s hat\u00e1r\u00e1n egyens\u00falyoznak. Egyszerre b\u00edr jelent\u0151s\u00e9ggel az anyaggal val\u00f3 k\u00fczdelem, az expresszivit\u00e1s \u00e9s az ill\u00e9kony, \u00e9rz\u00e9keny min\u0151s\u00e9gek. A jelenl\u00e9t \u00e9s a megfoghatatlan \u00e9rzetek \u00e9s k\u00f6t\u0151d\u00e9sek kett\u0151ss\u00e9ge \u00e9rdekel.<\/p>\n<p style=\"text-align: justify;\">Olyan kapcsokat dolgozok fel, melyek a bels\u0151 meg\u00e9l\u00e9sen kereszt\u00fcl a k\u00fclvil\u00e1ghoz val\u00f3 viszonyomat hat\u00e1rozz\u00e1k meg, let\u00f6r\u00f6lhetetlen tapasztalatok, melyekkel rem\u00e9lem, m\u00e1sok is r\u00e1ismerhetnek saj\u00e1tjaikra \u00e9s befel\u00e9 figyel\u00e9sre h\u00edvhatom \u0151ket.<\/p>\n<p style=\"text-align: justify;\">Az olaj-v\u00e1szon k\u00e9pek mellett \u00faj anyagok haszn\u00e1lata, a r\u00e9tegz\u0151d\u00e9s \u00e9s a t\u00e9rbe val\u00f3 kil\u00e9p\u00e9s lehet\u0151s\u00e9ge is foglalkoztat.<\/p>\n<p>[\/et_pb_text][\/et_pb_column][\/et_pb_row][et_pb_row _builder_version=&#8221;4.7.7&#8243; _module_preset=&#8221;default&#8221; custom_margin=&#8221;-51px|auto||auto||&#8221; custom_padding=&#8221;15px|||||&#8221;][et_pb_column type=&#8221;4_4&#8243; _builder_version=&#8221;4.7.7&#8243; _module_preset=&#8221;default&#8221;][et_pb_text _builder_version=&#8221;4.7.7&#8243; _module_preset=&#8221;default&#8221; text_text_color=&#8221;#8f8f8f&#8221;]<\/p>\n<p>Fot\u00f3: N\u00e9meth Andrea fot\u00f3m\u0171v\u00e9sz<\/p>\n<p>[\/et_pb_text][\/et_pb_column][\/et_pb_row][\/et_pb_section]<\/p>\n","protected":false},"excerpt":{"rendered":"<p>Munk\u00e1mban egyszerre keresem az id\u0151tlens\u00e9get \u00e9s a folyamatos v\u00e1ltoz\u00e1st, kapcsol\u00f3d\u00e1st id\u0151vel, t\u00e9rrel, term\u00e9szettel, emberekkel. A t\u00e9r fontos szerepet kap, \u00f6sszek\u00f6t m\u00faltat \u00e9s jelent, eml\u00e9ket \u00e9s \u00e9rezhet\u0151 val\u00f3s\u00e1got. Egym\u00e1ssal \u00f6sszefon\u00f3d\u00f3 gesztusokat, f\u00e9nyek \u00e9s \u00e1rnyak v\u00e1ltakoz\u00e1s\u00e1t l\u00e1tjuk, egy saj\u00e1t atmoszf\u00e9r\u00e1t teremtve. K\u00e9peim az absztrakci\u00f3 \u00e9s a figuralit\u00e1s hat\u00e1r\u00e1n egyens\u00falyoznak. Egyszerre b\u00edr jelent\u0151s\u00e9ggel az anyaggal val\u00f3 k\u00fczdelem, az [&hellip;]<\/p>\n","protected":false},"author":1,"featured_media":0,"parent":0,"menu_order":0,"comment_status":"closed","ping_status":"closed","template":"","meta":{"_et_pb_use_builder":"on","_et_pb_old_content":"","_et_gb_content_width":"","footnotes":""},"class_list":["post-186","page","type-page","status-publish","hentry"],"_links":{"self":[{"href":"https:\/\/tothannamariarita.com\/en\/wp-json\/wp\/v2\/pages\/186","targetHints":{"allow":["GET"]}}],"collection":[{"href":"https:\/\/tothannamariarita.com\/en\/wp-json\/wp\/v2\/pages"}],"about":[{"href":"https:\/\/tothannamariarita.com\/en\/wp-json\/wp\/v2\/types\/page"}],"author":[{"embeddable":true,"href":"https:\/\/tothannamariarita.com\/en\/wp-json\/wp\/v2\/users\/1"}],"replies":[{"embeddable":true,"href":"https:\/\/tothannamariarita.com\/en\/wp-json\/wp\/v2\/comments?post=186"}],"version-history":[{"count":21,"href":"https:\/\/tothannamariarita.com\/en\/wp-json\/wp\/v2\/pages\/186\/revisions"}],"predecessor-version":[{"id":1508,"href":"https:\/\/tothannamariarita.com\/en\/wp-json\/wp\/v2\/pages\/186\/revisions\/1508"}],"wp:attachment":[{"href":"https:\/\/tothannamariarita.com\/en\/wp-json\/wp\/v2\/media?parent=186"}],"curies":[{"name":"wp","href":"https:\/\/api.w.org\/{rel}","templated":true}]}}